{"id":76,"date":"2025-07-02T08:05:22","date_gmt":"2025-07-02T08:05:22","guid":{"rendered":"https:\/\/gyurmiteam.hu\/wordpress\/?page_id=76"},"modified":"2025-07-31T18:54:04","modified_gmt":"2025-07-31T18:54:04","slug":"rolunk","status":"publish","type":"page","link":"https:\/\/gyurmiteam.hu\/wordpress\/?page_id=76","title":{"rendered":"R\u00f3lunk"},"content":{"rendered":"\t\t<div data-elementor-type=\"wp-page\" data-elementor-id=\"76\" class=\"elementor elementor-76\">\n\t\t\t\t\t\t<section class=\"elementor-section elementor-top-section elementor-element elementor-element-4e3c9494 elementor-section-boxed elementor-section-height-default elementor-section-height-default\" data-id=\"4e3c9494\" data-element_type=\"section\" data-settings=\"{&quot;background_background&quot;:&quot;classic&quot;}\">\n\t\t\t\t\t\t\t<div class=\"elementor-background-overlay\"><\/div>\n\t\t\t\t\t\t\t<div class=\"elementor-container elementor-column-gap-default\">\n\t\t\t\t\t<div class=\"elementor-column elementor-col-100 elementor-top-column elementor-element elementor-element-33d4211e\" data-id=\"33d4211e\" data-element_type=\"column\">\n\t\t\t<div class=\"elementor-widget-wrap elementor-element-populated\">\n\t\t\t\t\t\t<div class=\"elementor-element elementor-element-6cc56ee elementor-widget elementor-widget-heading\" data-id=\"6cc56ee\" data-element_type=\"widget\" data-widget_type=\"heading.default\">\n\t\t\t\t<div class=\"elementor-widget-container\">\n\t\t\t\t\t<h1 class=\"elementor-heading-title elementor-size-default\">R\u00f3lunk<\/h1>\t\t\t\t<\/div>\n\t\t\t\t<\/div>\n\t\t\t\t<div class=\"elementor-element elementor-element-58e637c1 elementor-widget elementor-widget-text-editor\" data-id=\"58e637c1\" data-element_type=\"widget\" data-widget_type=\"text-editor.default\">\n\t\t\t\t<div class=\"elementor-widget-container\">\n\t\t\t\t\t\t\t\t\t<p>C\u00e9lunk, hogy minden utasunk biztons\u00e1gban, k\u00e9nyelmesen \u00e9s el\u00e9gedetten \u00e9rkezzen meg \u00fatic\u00e9lj\u00e1hoz.<\/p>\t\t\t\t\t\t\t\t<\/div>\n\t\t\t\t<\/div>\n\t\t\t\t\t<\/div>\n\t\t<\/div>\n\t\t\t\t\t<\/div>\n\t\t<\/section>\n\t\t<div class=\"elementor-element elementor-element-d1a632c e-flex e-con-boxed e-con e-parent\" data-id=\"d1a632c\" data-element_type=\"container\">\n\t\t\t\t\t<div class=\"e-con-inner\">\n\t\t\t\t<div class=\"elementor-element elementor-element-3dfe649 elementor-widget elementor-widget-heading\" data-id=\"3dfe649\" data-element_type=\"widget\" data-widget_type=\"heading.default\">\n\t\t\t\t<div class=\"elementor-widget-container\">\n\t\t\t\t\t<h1 class=\"elementor-heading-title elementor-size-default\">A kezdetek<\/h1>\t\t\t\t<\/div>\n\t\t\t\t<\/div>\n\t\t\t\t<div class=\"elementor-element elementor-element-884e0d8 elementor-widget elementor-widget-text-editor\" data-id=\"884e0d8\" data-element_type=\"widget\" data-widget_type=\"text-editor.default\">\n\t\t\t\t<div class=\"elementor-widget-container\">\n\t\t\t\t\t\t\t\t\t<p data-start=\"166\" data-end=\"447\">C\u00e9g\u00fcnket 2012-ben alap\u00edtottuk egy \u00e1tgondolt \u00e1lom \u00e9s egy val\u00f3di hivat\u00e1studat nyom\u00e1n. Az volt a c\u00e9lunk, hogy egy olyan szem\u00e9lysz\u00e1ll\u00edt\u00f3 v\u00e1llalkoz\u00e1st hozzunk l\u00e9tre, amely egyszerre megb\u00edzhat\u00f3, k\u00e9nyelmes \u00e9s biztons\u00e1gos.<\/p>\n<p data-start=\"449\" data-end=\"710\">Az alap\u00edt\u00f3 t\u00f6bb mint 40 \u00e9v szakmai tapasztalattal rendelkezik a buszvezet\u00e9s ter\u00fclet\u00e9n. P\u00e1lyafut\u00e1sa sor\u00e1n k\u00e9t \u00e9vet Luxemburgban is elt\u00f6lt\u00f6tt hivat\u00e1sos sof\u0151rk\u00e9nt, ahol nemcsak magas szint\u0171 szakmai tud\u00e1sra, hanem \u00e9rt\u00e9kes nemzetk\u00f6zi tapasztalatokra is szert tett.<\/p>\n<p data-start=\"712\" data-end=\"1082\">A v\u00e1llalkoz\u00e1s egyetlen Toyota mikrobuszb\u00f3l indult. Az \u00e9vek alatt azonban kitart\u00f3 munk\u00e1val, szenved\u00e9llyel \u00e9s a szolg\u00e1ltat\u00e1s ir\u00e1nti elk\u00f6telezetts\u00e9ggel siker\u00fclt egy t\u00f6bb mint 30 j\u00e1rm\u0171b\u0151l \u00e1ll\u00f3, modern flott\u00e1t fel\u00e9p\u00edten\u00fcnk. K\u00fcl\u00f6n\u00f6sen b\u00fcszk\u00e9k vagyunk korszer\u0171, k\u00e9nyelmes \u00e9s biztons\u00e1gos Mercedes Sprinter buszainkra, amelyek utasaink sz\u00e1m\u00e1ra val\u00f3di utaz\u00e1si \u00e9lm\u00e9nyt ny\u00fajtanak.<\/p>\t\t\t\t\t\t\t\t<\/div>\n\t\t\t\t<\/div>\n\t\t\t\t<div class=\"elementor-element elementor-element-cfda83d elementor-widget elementor-widget-elementskit-image-comparison\" data-id=\"cfda83d\" data-element_type=\"widget\" data-widget_type=\"elementskit-image-comparison.default\">\n\t\t\t\t<div class=\"elementor-widget-container\">\n\t\t\t\t\t<div class=\"ekit-wid-con\" >\n\t\t<div class=\"elementskit-image-comparison image-comparison-container\" data-offset=\"0.75\" data-overlay=\"\" data-label_after=\"2025\" data-label_before=\"2012\" data-move_slider_on_hover=\"\" data-click_to_move=\"true\">\n\t\t\t<img decoding=\"async\" src=\"https:\/\/gyurmiteam.hu\/wordpress\/wp-content\/uploads\/2025\/07\/kezdetek.png\" title=\"kezdetek\" alt=\"kezdetek\" loading=\"lazy\" \/><img decoding=\"async\" src=\"https:\/\/gyurmiteam.hu\/wordpress\/wp-content\/uploads\/2025\/07\/8.png\" title=\"8\" alt=\"8\" loading=\"lazy\" \/>\t\t<\/div>\n\n\t<\/div>\t\t\t\t<\/div>\n\t\t\t\t<\/div>\n\t\t\t\t<div class=\"elementor-element elementor-element-f629203 elementor-widget elementor-widget-heading\" data-id=\"f629203\" data-element_type=\"widget\" data-widget_type=\"heading.default\">\n\t\t\t\t<div class=\"elementor-widget-container\">\n\t\t\t\t\t<h1 class=\"elementor-heading-title elementor-size-default\">Az alap\u00edt\u00f3r\u00f3l<\/h1>\t\t\t\t<\/div>\n\t\t\t\t<\/div>\n\t\t\t\t<div class=\"elementor-element elementor-element-da4f17d elementor-widget elementor-widget-text-editor\" data-id=\"da4f17d\" data-element_type=\"widget\" data-widget_type=\"text-editor.default\">\n\t\t\t\t<div class=\"elementor-widget-container\">\n\t\t\t\t\t\t\t\t\t<p data-start=\"164\" data-end=\"459\">T\u00f6bb mint 40 \u00e9ve dolgozom a szem\u00e9lysz\u00e1ll\u00edt\u00e1s ter\u00fclet\u00e9n, ebb\u0151l k\u00e9t \u00e9vet Luxemburgban t\u00f6lt\u00f6ttem hivat\u00e1sos sof\u0151rk\u00e9nt. Ez id\u0151 alatt rengeteg tapasztalatot szereztem nemcsak a szakmai elv\u00e1r\u00e1sokr\u00f3l, hanem az utasokkal val\u00f3 kapcsolattart\u00e1sr\u00f3l \u00e9s a pontos, felel\u0151ss\u00e9gteljes munkav\u00e9gz\u00e9s fontoss\u00e1g\u00e1r\u00f3l is.<\/p><p data-start=\"461\" data-end=\"731\">2012-ben alap\u00edtottam meg saj\u00e1t v\u00e1llalkoz\u00e1somat azzal a c\u00e9llal, hogy olyan szolg\u00e1ltat\u00e1st ny\u00fajtsunk, amelyre b\u00e1tran lehet \u00e9p\u00edteni \u2013 megb\u00edzhat\u00f3an, k\u00e9nyelmesen \u00e9s biztons\u00e1gosan. Az indul\u00e1s egyetlen mikrobuszb\u00f3l t\u00f6rt\u00e9nt, ma m\u00e1r t\u00f6bb mint 30 j\u00e1rm\u0171b\u0151l \u00e1ll\u00f3 flott\u00e1val dolgozunk.<\/p><p data-start=\"733\" data-end=\"970\">P\u00e1lyafut\u00e1som alatt t\u00f6bb mint 5 milli\u00f3 kilom\u00e9tert vezettem. Hogy ez mit jelent?<br data-start=\"811\" data-end=\"814\" \/><strong data-start=\"814\" data-end=\"883\">\u2013 Nagyj\u00e1b\u00f3l annyit, mintha 125-sz\u00f6r k\u00f6rbeaut\u00f3ztam volna a F\u00f6ldet.<\/strong><\/p><p data-start=\"972\" data-end=\"1091\">A c\u00e9lom mindig is az volt, hogy aki vel\u00fcnk utazik, nyugodtan h\u00e1trad\u0151lhessen \u2013 mi pedig elvissz\u00fck, ahov\u00e1 menni szeretne.<\/p>\t\t\t\t\t\t\t\t<\/div>\n\t\t\t\t<\/div>\n\t\t\t\t\t<\/div>\n\t\t\t\t<\/div>\n\t\t<div class=\"elementor-element elementor-element-7724c36 e-flex e-con-boxed e-con e-parent\" data-id=\"7724c36\" data-element_type=\"container\">\n\t\t\t\t\t<div class=\"e-con-inner\">\n\t\t\t\t<div class=\"elementor-element elementor-element-f594ea4 elementor-widget elementor-widget-image\" data-id=\"f594ea4\" data-element_type=\"widget\" data-widget_type=\"image.default\">\n\t\t\t\t<div class=\"elementor-widget-container\">\n\t\t\t\t\t\t\t\t\t\t\t\t\t\t\t<img fetchpriority=\"high\" decoding=\"async\" width=\"580\" height=\"580\" src=\"https:\/\/gyurmiteam.hu\/wordpress\/wp-content\/uploads\/2025\/07\/gyurmi3-1024x1024.png\" class=\"attachment-large size-large wp-image-306\" alt=\"\" srcset=\"https:\/\/gyurmiteam.hu\/wordpress\/wp-content\/uploads\/2025\/07\/gyurmi3-1024x1024.png 1024w, https:\/\/gyurmiteam.hu\/wordpress\/wp-content\/uploads\/2025\/07\/gyurmi3-300x300.png 300w, https:\/\/gyurmiteam.hu\/wordpress\/wp-content\/uploads\/2025\/07\/gyurmi3-150x150.png 150w, https:\/\/gyurmiteam.hu\/wordpress\/wp-content\/uploads\/2025\/07\/gyurmi3-768x768.png 768w, https:\/\/gyurmiteam.hu\/wordpress\/wp-content\/uploads\/2025\/07\/gyurmi3.png 1080w\" sizes=\"(max-width: 580px) 100vw, 580px\" \/>\t\t\t\t\t\t\t\t\t\t\t\t\t\t\t<\/div>\n\t\t\t\t<\/div>\n\t\t\t\t<div class=\"elementor-element elementor-element-e7cd711 elementor-widget elementor-widget-text-editor\" data-id=\"e7cd711\" data-element_type=\"widget\" data-widget_type=\"text-editor.default\">\n\t\t\t\t<div class=\"elementor-widget-container\">\n\t\t\t\t\t\t\t\t\t<p data-start=\"164\" data-end=\"459\">&#8222;A vol\u00e1n m\u00f6g\u00f6tt nem csak kilom\u00e9tereket gy\u0171jt az ember, hanem t\u00f6rt\u00e9neteket, arcokat, \u00e9s n\u00e9ha egy-egy csendes napfelkelt\u00e9t is.&#8221;<\/p><p data-start=\"164\" data-end=\"459\">Gyurm\u00e1n J\u00e1nos &#8211; Alap\u00edt\u00f3<\/p>\t\t\t\t\t\t\t\t<\/div>\n\t\t\t\t<\/div>\n\t\t\t\t\t<\/div>\n\t\t\t\t<\/div>\n\t\t\t\t<\/div>\n\t\t","protected":false},"excerpt":{"rendered":"<p>R\u00f3lunk C\u00e9lunk, hogy minden utasunk biztons\u00e1gban, k\u00e9nyelmesen \u00e9s el\u00e9gedetten \u00e9rkezzen meg \u00fatic\u00e9lj\u00e1hoz. A kezdetek C\u00e9g\u00fcnket 2012-ben alap\u00edtottuk egy \u00e1tgondolt \u00e1lom \u00e9s egy val\u00f3di hivat\u00e1studat nyom\u00e1n. Az volt a c\u00e9lunk, hogy egy olyan szem\u00e9lysz\u00e1ll\u00edt\u00f3 v\u00e1llalkoz\u00e1st hozzunk l\u00e9tre, amely egyszerre megb\u00edzhat\u00f3, k\u00e9nyelmes \u00e9s biztons\u00e1gos. Az alap\u00edt\u00f3 t\u00f6bb mint 40 \u00e9v szakmai tapasztalattal rendelkezik a buszvezet\u00e9s ter\u00fclet\u00e9n. P\u00e1lyafut\u00e1sa [&hellip;]<\/p>\n","protected":false},"author":1,"featured_media":0,"parent":0,"menu_order":0,"comment_status":"closed","ping_status":"closed","template":"elementor_header_footer","meta":{"footnotes":""},"class_list":["post-76","page","type-page","status-publish","hentry"],"_links":{"self":[{"href":"https:\/\/gyurmiteam.hu\/wordpress\/index.php?rest_route=\/wp\/v2\/pages\/76","targetHints":{"allow":["GET"]}}],"collection":[{"href":"https:\/\/gyurmiteam.hu\/wordpress\/index.php?rest_route=\/wp\/v2\/pages"}],"about":[{"href":"https:\/\/gyurmiteam.hu\/wordpress\/index.php?rest_route=\/wp\/v2\/types\/page"}],"author":[{"embeddable":true,"href":"https:\/\/gyurmiteam.hu\/wordpress\/index.php?rest_route=\/wp\/v2\/users\/1"}],"replies":[{"embeddable":true,"href":"https:\/\/gyurmiteam.hu\/wordpress\/index.php?rest_route=%2Fwp%2Fv2%2Fcomments&post=76"}],"version-history":[{"count":28,"href":"https:\/\/gyurmiteam.hu\/wordpress\/index.php?rest_route=\/wp\/v2\/pages\/76\/revisions"}],"predecessor-version":[{"id":466,"href":"https:\/\/gyurmiteam.hu\/wordpress\/index.php?rest_route=\/wp\/v2\/pages\/76\/revisions\/466"}],"wp:attachment":[{"href":"https:\/\/gyurmiteam.hu\/wordpress\/index.php?rest_route=%2Fwp%2Fv2%2Fmedia&parent=76"}],"curies":[{"name":"wp","href":"https:\/\/api.w.org\/{rel}","templated":true}]}}